{"id":220,"date":"2018-10-29T17:59:21","date_gmt":"2018-10-29T17:59:21","guid":{"rendered":"http:\/\/test.fkk-finsterbergen.de\/?page_id=220"},"modified":"2023-12-22T13:48:24","modified_gmt":"2023-12-22T13:48:24","slug":"unsere-veranstaltungen","status":"publish","type":"page","link":"http:\/\/fkk-finsterbergen.de\/?page_id=220","title":{"rendered":"Unsere Veranstaltungen"},"content":{"rendered":"<h3>Rathaussturm<\/h3>\n<p><img loading=\"lazy\" decoding=\"async\" class=\"size-medium wp-image-253 alignleft\" src=\"http:\/\/fkk-finsterbergen.de\/wp-content\/uploads\/2018\/10\/IMG_59051-300x200.jpg\" alt=\"\" width=\"300\" height=\"200\" srcset=\"http:\/\/fkk-finsterbergen.de\/wp-content\/uploads\/2018\/10\/IMG_59051-300x200.jpg 300w, http:\/\/fkk-finsterbergen.de\/wp-content\/uploads\/2018\/10\/IMG_59051-768x512.jpg 768w, http:\/\/fkk-finsterbergen.de\/wp-content\/uploads\/2018\/10\/IMG_59051.jpg 1000w\" sizes=\"auto, (max-width: 300px) 100vw, 300px\" \/><\/p>\n<p>Am 11.11. 11:11 Uhr beginnt traditionsgem\u00e4\u00df die Faschingszeit und die Narren \u00fcbernehmen endlich wieder das Zepter! Wenn der 11.11. auf einen Wochentag f\u00e4llt, findet der gro\u00dfe Rathaussturm am Samstag danach statt: Der FKK und sein n\u00e4rrisches Volk ziehen mit der Heimatkapelle von der \u201eLinde\u201c zum Finsterberger Rathaus, das um 11:11 Uhr gest\u00fcrmt und der B\u00fcrgermeister in Ketten gelegt wird.<br \/>\nDas Ganze wird mit Gesang und Tanz sowie Musik durch die Finsterberger Heimatkapelle am \u201eHaus des Gastes\u201c begleitet.<br \/>\nF\u00fcr das leibliche Wohl ist bestens gesorgt!<\/p>\n<h3 style=\"text-align: right;\">Faschingser\u00f6ffnungsveranstaltung<\/h3>\n<p><img loading=\"lazy\" decoding=\"async\" class=\"size-medium wp-image-376 alignright\" src=\"http:\/\/fkk-finsterbergen.de\/wp-content\/uploads\/2019\/01\/IMG_9497-e1550224166370-300x157.jpg\" alt=\"\" width=\"300\" height=\"157\" srcset=\"http:\/\/fkk-finsterbergen.de\/wp-content\/uploads\/2019\/01\/IMG_9497-e1550224166370-300x157.jpg 300w, http:\/\/fkk-finsterbergen.de\/wp-content\/uploads\/2019\/01\/IMG_9497-e1550224166370-768x402.jpg 768w, http:\/\/fkk-finsterbergen.de\/wp-content\/uploads\/2019\/01\/IMG_9497-e1550224166370-1024x536.jpg 1024w, http:\/\/fkk-finsterbergen.de\/wp-content\/uploads\/2019\/01\/IMG_9497-e1550224166370.jpg 1147w\" sizes=\"auto, (max-width: 300px) 100vw, 300px\" \/><\/p>\n<p style=\"text-align: right;\">Die Er\u00f6ffnungsveranstaltung der jeweiligen Saison findet am Samstag nach dem 11.11. statt und wird immer in faschingstypischer Manier auf dem \u201eLindesaal\u201c gefeiert. In einem 2-3 st\u00fcndigen bunten Programm werden einige bekannte Highlights, aber auch schon Premieren gezeigt, die die Vorfreude auf das neue B\u00fcttenprogramm wecken sollen! Zum Tanzen und Schwofen bleibt nat\u00fcrlich auch gen\u00fcgend Zeit!<br \/>\nAb 19 Uhr ist Einlass, 20.00 Uhr geht\u00b4s los, der Eintritt kostet 11 Euro.<br \/>\nDer Kartenvorverkauf findet immer am Mittwoch davor von 18:30 Uhr \u2013 19:30 Uhr in der \u201eLinde\u201c statt und Kurzentschlossene k\u00f6nnen auch an der Abendkasse noch Karten erwerben.<\/p>\n<h3><\/h3>\n<h3>Reunion, der traditionelle Galatanzabend des FKK<\/h3>\n<p><a href=\"http:\/\/neu.fkk-finsterbergen.de\/wp-content\/uploads\/2018\/11\/IMG_7851-e1550224174433.jpg\"><img loading=\"lazy\" decoding=\"async\" class=\"alignleft\" src=\"http:\/\/neu.fkk-finsterbergen.de\/wp-content\/uploads\/2018\/11\/IMG_7851-e1550224174433.jpg\" alt=\"\" width=\"300\" height=\"200\" \/><\/a><\/p>\n<p>Jedes Jahr in der Adventszeit findet unser traditioneller Galatanzabend \u201eReunion\u201c statt: Bei Wiener-Walzer-Melodien des kleinen Johann-Strau\u00df Orchesters der Th\u00fcringen Philharmonie Gotha f\u00fcllt sich der liebevoll und festlich herausgeputzte Lindesaal mit feiner Ballgarderobe. Die sch\u00f6nste Dame wird traditionell zu Ballk\u00f6nigin gek\u00fcrt!<br \/>\nIn den Walzerpausen wird mit moderner Tanzmusik f\u00fcr reichlich Abwechslung gesorgt.<\/p>\n<h3 style=\"text-align: right;\">B\u00fcttenabende<\/h3>\n<p><img loading=\"lazy\" decoding=\"async\" class=\"size-medium wp-image-379 alignright\" src=\"http:\/\/fkk-finsterbergen.de\/wp-content\/uploads\/2018\/10\/IMG_9432-e1550224191198-300x200.jpg\" alt=\"\" width=\"300\" height=\"200\" srcset=\"http:\/\/fkk-finsterbergen.de\/wp-content\/uploads\/2018\/10\/IMG_9432-e1550224191198-300x200.jpg 300w, http:\/\/fkk-finsterbergen.de\/wp-content\/uploads\/2018\/10\/IMG_9432-e1550224191198-768x512.jpg 768w, http:\/\/fkk-finsterbergen.de\/wp-content\/uploads\/2018\/10\/IMG_9432-e1550224191198.jpg 900w\" sizes=\"auto, (max-width: 300px) 100vw, 300px\" \/><\/p>\n<p style=\"text-align: right;\">In 7 B\u00fcttenabenden wird von Januar bis Rosenmontag von ca. 100 Mitwirkenden in mehr als 4 Stunden eine geballte und niveauvolle Ladung an Ballett, B\u00fcttenrede, Gesang und Komik auf die B\u00fchne gebracht. Hier ist f\u00fcr jeden Geschmack etwas dabei und viele Lacher und Schmuntzler sind garantiert! Anschlie\u00dfend gibt\u2019s Tanz mit der FKK-Hofkapelle bis 2:00 Uhr morgens. Das freundliche Lindeteam sowie zwei Theken und eine Bar sorgen f\u00fcr das leibliche Wohl und ausgelassene Faschingsstimmung.<\/p>\n<h3>Kinderfasching<\/h3>\n<p><img loading=\"lazy\" decoding=\"async\" class=\"size-medium wp-image-246 alignleft\" src=\"http:\/\/fkk-finsterbergen.de\/wp-content\/uploads\/2018\/10\/kifa-300x200.jpg\" alt=\"\" width=\"300\" height=\"200\" srcset=\"http:\/\/fkk-finsterbergen.de\/wp-content\/uploads\/2018\/10\/kifa-300x200.jpg 300w, http:\/\/fkk-finsterbergen.de\/wp-content\/uploads\/2018\/10\/kifa-768x512.jpg 768w, http:\/\/fkk-finsterbergen.de\/wp-content\/uploads\/2018\/10\/kifa.jpg 1000w\" sizes=\"auto, (max-width: 300px) 100vw, 300px\" \/><\/p>\n<p>Ein Nachmittag geh\u00f6rt den kleinen Narren, die sich mit ganz besonderem Eifer in ihren bunten Kost\u00fcmen in das Faschingstreiben st\u00fcrzen.<br \/>\nT\u00e4nze auf der B\u00fchne, lustige Spiele im Saal sowie die gro\u00dfe Polonaise sorgen f\u00fcr Spa\u00df und Abwechslung. S\u00fc\u00dfigkeiten, W\u00fcrstchen und Getr\u00e4nke f\u00fcr die Kinder gibt\u2019s gratis bis zum Abwinken!<\/p>\n<h3 style=\"text-align: right;\">Seniorenb\u00fcttennachmittag<\/h3>\n<p><img loading=\"lazy\" decoding=\"async\" class=\"size-medium wp-image-249 alignright\" src=\"http:\/\/fkk-finsterbergen.de\/wp-content\/uploads\/2018\/10\/IMG_37141-300x200.jpg\" alt=\"\" width=\"300\" height=\"200\" srcset=\"http:\/\/fkk-finsterbergen.de\/wp-content\/uploads\/2018\/10\/IMG_37141-300x200.jpg 300w, http:\/\/fkk-finsterbergen.de\/wp-content\/uploads\/2018\/10\/IMG_37141-768x512.jpg 768w, http:\/\/fkk-finsterbergen.de\/wp-content\/uploads\/2018\/10\/IMG_37141.jpg 1000w\" sizes=\"auto, (max-width: 300px) 100vw, 300px\" \/><\/p>\n<p style=\"text-align: right;\">An einem Nachmittag werden die H\u00f6hepunkte aus dem Abendprogramm f\u00fcr unsere Senioren pr\u00e4sentiert.<br \/>\nBei Kaffee und Kuchen, Bierchen und Sekt wird geschunkelt, gesungen und gelacht!<\/p>\n<h3>Faschingsumzug und Faschingsparty<\/h3>\n<p><img loading=\"lazy\" decoding=\"async\" class=\"size-medium wp-image-225 alignleft\" src=\"http:\/\/fkk-finsterbergen.de\/wp-content\/uploads\/2018\/10\/IMG_9510-300x200.jpg\" alt=\"\" width=\"300\" height=\"200\" srcset=\"http:\/\/fkk-finsterbergen.de\/wp-content\/uploads\/2018\/10\/IMG_9510-300x200.jpg 300w, http:\/\/fkk-finsterbergen.de\/wp-content\/uploads\/2018\/10\/IMG_9510-768x512.jpg 768w, http:\/\/fkk-finsterbergen.de\/wp-content\/uploads\/2018\/10\/IMG_9510-1024x682.jpg 1024w, http:\/\/fkk-finsterbergen.de\/wp-content\/uploads\/2018\/10\/IMG_9510.jpg 1250w\" sizes=\"auto, (max-width: 300px) 100vw, 300px\" \/><\/p>\n<p>Alle 5 Jahre \u2013 <strong>das n\u00e4chste Mal zum 50. Jubil\u00e4um 2024<\/strong>\u00a0&#8211; gibt es am Sonnabend in den \u201eTollen Tagen\u201c einen gro\u00dfen Faschingsumzug mit den benachbarten Faschingsvereinen sowie n\u00e4rrischen Gruppen und Freunden des FKK.<br \/>\nNahtlos geht das n\u00e4rrische Treiben am sp\u00e4ten Nachmittag dann \u00fcber in die gro\u00dfe Faschingsparty auf dem \u201eLindesaal\u201c, dort wird mit Musik und Tanz und Showeinlagen kr\u00e4ftig weitergefeiert.<\/p>\n<h3><\/h3>\n<h3 style=\"text-align: right;\">Rosenmontags-B\u00fcttchenabend<\/h3>\n<p><img loading=\"lazy\" decoding=\"async\" class=\"size-medium wp-image-258 alignright\" src=\"http:\/\/fkk-finsterbergen.de\/wp-content\/uploads\/2018\/10\/IMG_65941-300x200.jpg\" alt=\"\" width=\"300\" height=\"200\" srcset=\"http:\/\/fkk-finsterbergen.de\/wp-content\/uploads\/2018\/10\/IMG_65941-300x200.jpg 300w, http:\/\/fkk-finsterbergen.de\/wp-content\/uploads\/2018\/10\/IMG_65941-768x512.jpg 768w, http:\/\/fkk-finsterbergen.de\/wp-content\/uploads\/2018\/10\/IMG_65941.jpg 1000w\" sizes=\"auto, (max-width: 300px) 100vw, 300px\" \/><\/p>\n<p style=\"text-align: right;\">Der Rosenmontag in Finsterbergen hat sich als letzter H\u00f6hepunkt der Faschingssaison etabliert und steht immer unter einem eigenen Motto, das zum z\u00fcnftigen Kost\u00fcmieren und ausgelassenem Feiern einl\u00e4dt.<br \/>\nVon der B\u00fchne werden Tanz und Gesang &#8211; sowohl bekannte Highlights als auch speziell f\u00fcr diesen Abend neu einstudierte Programmpunkte &#8211; geboten, dazwischen kann getanzt, geschunkelt oder an den Theken mit Freunden und Bekannten geschwatzt und gefeiert werden.<\/p>\n","protected":false},"excerpt":{"rendered":"<div class=\"slide-text-bg2\"><span>Rathaussturm Am 11.11. 11:11 Uhr beginnt traditionsgem\u00e4\u00df die Faschingszeit und die Narren \u00fcbernehmen endlich wieder das Zepter! Wenn der 11.11. auf eine<\/span><\/div>\n<div class=\"slide-btn-area-sm\"><a href=\"http:\/\/fkk-finsterbergen.de\/?page_id=220\" class=\"slide-btn-sm\">weiterlesen<\/a><\/div>\n","protected":false},"author":1,"featured_media":0,"parent":217,"menu_order":0,"comment_status":"closed","ping_status":"closed","template":"","meta":{"footnotes":""},"class_list":["post-220","page","type-page","status-publish","hentry"],"_links":{"self":[{"href":"http:\/\/fkk-finsterbergen.de\/index.php?rest_route=\/wp\/v2\/pages\/220","targetHints":{"allow":["GET"]}}],"collection":[{"href":"http:\/\/fkk-finsterbergen.de\/index.php?rest_route=\/wp\/v2\/pages"}],"about":[{"href":"http:\/\/fkk-finsterbergen.de\/index.php?rest_route=\/wp\/v2\/types\/page"}],"author":[{"embeddable":true,"href":"http:\/\/fkk-finsterbergen.de\/index.php?rest_route=\/wp\/v2\/users\/1"}],"replies":[{"embeddable":true,"href":"http:\/\/fkk-finsterbergen.de\/index.php?rest_route=%2Fwp%2Fv2%2Fcomments&post=220"}],"version-history":[{"count":11,"href":"http:\/\/fkk-finsterbergen.de\/index.php?rest_route=\/wp\/v2\/pages\/220\/revisions"}],"predecessor-version":[{"id":765,"href":"http:\/\/fkk-finsterbergen.de\/index.php?rest_route=\/wp\/v2\/pages\/220\/revisions\/765"}],"up":[{"embeddable":true,"href":"http:\/\/fkk-finsterbergen.de\/index.php?rest_route=\/wp\/v2\/pages\/217"}],"wp:attachment":[{"href":"http:\/\/fkk-finsterbergen.de\/index.php?rest_route=%2Fwp%2Fv2%2Fmedia&parent=220"}],"curies":[{"name":"wp","href":"https:\/\/api.w.org\/{rel}","templated":true}]}}