{"id":380,"date":"2016-05-10T03:48:21","date_gmt":"2016-05-10T02:48:21","guid":{"rendered":"http:\/\/test.fkk-finsterbergen.de\/?page_id=2"},"modified":"2026-01-07T08:51:56","modified_gmt":"2026-01-07T08:51:56","slug":"sample-page-2","status":"publish","type":"page","link":"http:\/\/fkk-finsterbergen.de\/?page_id=380","title":{"rendered":"Termine"},"content":{"rendered":"\t\t<div data-elementor-type=\"wp-page\" data-elementor-id=\"380\" class=\"elementor elementor-380\">\n\t\t\t\t\t\t<div class=\"elementor-inner\">\n\t\t\t\t<div class=\"elementor-section-wrap\">\n\t\t\t\t\t\t\t\t\t<section class=\"elementor-section elementor-top-section elementor-element elementor-element-586455cf elementor-section-boxed elementor-section-height-default elementor-section-height-default\" data-id=\"586455cf\" data-element_type=\"section\">\n\t\t\t\t\t\t<div class=\"elementor-container elementor-column-gap-default\">\n\t\t\t\t\t\t\t<div class=\"elementor-row\">\n\t\t\t\t\t<div class=\"elementor-column elementor-col-100 elementor-top-column elementor-element elementor-element-84d53eb\" data-id=\"84d53eb\" data-element_type=\"column\">\n\t\t\t<div class=\"elementor-column-wrap elementor-element-populated\">\n\t\t\t\t\t\t\t<div class=\"elementor-widget-wrap\">\n\t\t\t\t\t\t<div class=\"elementor-element elementor-element-61c1b97 elementor-widget elementor-widget-text-editor\" data-id=\"61c1b97\" data-element_type=\"widget\" data-widget_type=\"text-editor.default\">\n\t\t\t\t<div class=\"elementor-widget-container\">\n\t\t\t\t\t\t\t\t<div class=\"elementor-text-editor elementor-clearfix\">\n\t\t\t\t<p style=\"margin-bottom: 0px; font-stretch: normal; line-height: normal; font-family: 'Times New Roman'; color: #000000; min-height: 17px;\"><span style=\"font-family: 'Open Sans'; font-size: 30px;\">Unsere Termine der 52. Saison<\/span><\/p><h3 style=\"letter-spacing: normal; margin-bottom: 0px; font-stretch: normal; line-height: normal; font-family: 'Times New Roman'; color: #000000;\"><b>\u00a0<\/b><\/h3><h2><b>2025<\/b><\/h2><h4>Rathaussturm, Samstag 15.11.2025 &#8212; 11:11 Uhr<\/h4><h4>Faschingser\u00f6ffnung, Samstag 15.11.2025 &#8212; 20:00 Uhr<\/h4><p style=\"letter-spacing: normal; margin-bottom: 0px; font-stretch: normal; font-size: 13px; line-height: normal; font-family: 'Times New Roman'; color: #000000;\">__________________________________________________________<\/p><h2>\u00a0<\/h2><h2><b>2026<\/b><\/h2><h4>1. B\u00fcttenabend, Samstag \u00a017.01.2026 &#8212; 20:00 Uhr &#8211; AUSGEBUCHT<\/h4><h4>Seniorennachmittag, Samstag 24.01.2026 &#8212; 14:00 Uhr<\/h4><h4>2. B\u00fcttenabend, Samstag 24.01.2026 &#8212; 20:00 Uhr &#8211; AUSGEBUCHT<\/h4><h4>Kinderfasching, Samstag 31.01.2026 &#8212; 14:00 Uhr<\/h4><h4>3. B\u00fcttenabend, Samstag 31.01.2026 &#8212; 20:00 Uhr &#8211; AUSGEBUCHT<\/h4><h4>4. B\u00fcttenabend, Freitag 06.02.2026 &#8212; 20:00 Uhr\u00a0<\/h4><h4>5. B\u00fcttenabend, Samstag 07.02.2026 &#8212; 20:00 Uhr &#8211; AUSGEBUCHT\u00a0<\/h4><h4>6. B\u00fcttenabend, Samstag 14.02.2026 &#8212; 20:00 Uhr<\/h4><h4>B\u00fcttchenabend, Rosenmontag 16.02.2026 &#8212; 20:00 Uhr<\/h4><div>\u00a0<\/div><div>\u00a0<\/div><hr \/><h2><span style=\"color: #000000;\">Kartenbestellung<\/span><\/h2><p><span style=\"color: #000000;\"><div class=\"wpforms-container wpforms-container-full\" id=\"wpforms-412\"><form id=\"wpforms-form-412\" class=\"wpforms-validate wpforms-form\" data-formid=\"412\" method=\"post\" enctype=\"multipart\/form-data\" action=\"\/index.php?rest_route=%2Fwp%2Fv2%2Fpages%2F380\" data-token=\"c7538cb47bad4f2f4a3b0e3193eca257\" data-token-time=\"1777501358\"><noscript class=\"wpforms-error-noscript\">Bitte aktiviere JavaScript in deinem Browser, um dieses Formular fertigzustellen.<\/noscript><div class=\"wpforms-field-container\"><div id=\"wpforms-412-field_3-container\" class=\"wpforms-field wpforms-field-name\" data-field-id=\"3\"><label class=\"wpforms-field-label\">Name <span class=\"wpforms-required-label\">*<\/span><\/label><div class=\"wpforms-field-row wpforms-field-large\"><div class=\"wpforms-field-row-block wpforms-first wpforms-one-half\"><input type=\"text\" id=\"wpforms-412-field_3\" class=\"wpforms-field-name-first wpforms-field-required\" name=\"wpforms[fields][3][first]\" required><label for=\"wpforms-412-field_3\" class=\"wpforms-field-sublabel after\">Vorname<\/label><\/div><div class=\"wpforms-field-row-block wpforms-one-half\"><input type=\"text\" id=\"wpforms-412-field_3-last\" class=\"wpforms-field-name-last wpforms-field-required\" name=\"wpforms[fields][3][last]\" required><label for=\"wpforms-412-field_3-last\" class=\"wpforms-field-sublabel after\">Nachname<\/label><\/div><\/div><\/div><div id=\"wpforms-412-field_4-container\" class=\"wpforms-field wpforms-field-email\" data-field-id=\"4\"><label class=\"wpforms-field-label\" for=\"wpforms-412-field_4\">E-Mail <span class=\"wpforms-required-label\">*<\/span><\/label><input type=\"email\" id=\"wpforms-412-field_4\" class=\"wpforms-field-large wpforms-field-required\" name=\"wpforms[fields][4]\" spellcheck=\"false\" required><\/div><div id=\"wpforms-412-field_5-container\" class=\"wpforms-field wpforms-field-select wpforms-field-select-style-classic\" data-field-id=\"5\"><label class=\"wpforms-field-label\" for=\"wpforms-412-field_5\">Termin <span class=\"wpforms-required-label\">*<\/span><\/label><select id=\"wpforms-412-field_5\" class=\"wpforms-field-large wpforms-field-required\" name=\"wpforms[fields][5]\" required=\"required\"><option value=\"\" class=\"placeholder\" disabled  selected='selected'> <\/option><option value=\"15.11.2025 - 20:00 Uhr - Faschingser\u00f6ffnung\"  class=\"choice-30 depth-1\"  >15.11.2025 &#8211; 20:00 Uhr &#8211; Faschingser\u00f6ffnung<\/option><option value=\"24.01.2026 - 14:00 Uhr - Seniorennachmittag\"  class=\"choice-32 depth-1\"  >24.01.2026 &#8211; 14:00 Uhr &#8211; Seniorennachmittag<\/option><option value=\"06.02.2026 - 20:00 Uhr - 4. B\u00fcttenabend\"  class=\"choice-35 depth-1\"  >06.02.2026 &#8211; 20:00 Uhr &#8211; 4. B\u00fcttenabend<\/option><option value=\"14.02.2026 - 20:00 Uhr - 6. B\u00fcttenabend\"  class=\"choice-36 depth-1\"  >14.02.2026 &#8211; 20:00 Uhr &#8211; 6. B\u00fcttenabend<\/option><option value=\"16.02.2026 - 20:00 Uhr - B\u00fcttchenabend\"  class=\"choice-38 depth-1\"  >16.02.2026 &#8211; 20:00 Uhr &#8211; B\u00fcttchenabend<\/option><\/select><div class=\"wpforms-field-description\">Bitte einen Termin w\u00e4hlen<\/div><\/div><div id=\"wpforms-412-field_8-container\" class=\"wpforms-field wpforms-field-select wpforms-field-select-style-classic\" data-field-id=\"8\"><label class=\"wpforms-field-label\" for=\"wpforms-412-field_8\">Anzahl Karten <span class=\"wpforms-required-label\">*<\/span><\/label><select id=\"wpforms-412-field_8\" class=\"wpforms-field-small wpforms-field-required\" name=\"wpforms[fields][8]\" required=\"required\"><option value=\"\" class=\"placeholder\" disabled  selected='selected'> <\/option><option value=\"1\"  class=\"choice-2 depth-1\"  >1<\/option><option value=\"2\"  class=\"choice-11 depth-1\"  >2<\/option><option value=\"3\"  class=\"choice-10 depth-1\"  >3<\/option><option value=\"4\"  class=\"choice-9 depth-1\"  >4<\/option><option value=\"5\"  class=\"choice-8 depth-1\"  >5<\/option><option value=\"6\"  class=\"choice-7 depth-1\"  >6<\/option><option value=\"7\"  class=\"choice-6 depth-1\"  >7<\/option><option value=\"8\"  class=\"choice-5 depth-1\"  >8<\/option><option value=\"9\"  class=\"choice-4 depth-1\"  >9<\/option><option value=\"10\"  class=\"choice-3 depth-1\"  >10<\/option><option value=\"11\"  class=\"choice-12 depth-1\"  >11<\/option><option value=\"12\"  class=\"choice-13 depth-1\"  >12<\/option><option value=\"13\"  class=\"choice-18 depth-1\"  >13<\/option><option value=\"14\"  class=\"choice-17 depth-1\"  >14<\/option><option value=\"15\"  class=\"choice-16 depth-1\"  >15<\/option><option value=\"16\"  class=\"choice-15 depth-1\"  >16<\/option><option value=\"17\"  class=\"choice-14 depth-1\"  >17<\/option><option value=\"18\"  class=\"choice-21 depth-1\"  >18<\/option><option value=\"19\"  class=\"choice-20 depth-1\"  >19<\/option><option value=\"20\"  class=\"choice-19 depth-1\"  >20<\/option><\/select><div class=\"wpforms-field-description\">Bitte w\u00e4hlen Sie die gew\u00fcnscht Anzahl an Karten<\/div><\/div><div id=\"wpforms-412-field_12-container\" class=\"wpforms-field wpforms-field-select wpforms-field-select-style-classic\" data-field-id=\"12\"><label class=\"wpforms-field-label\" for=\"wpforms-412-field_12\">Wie sind Sie auf uns aufmerksam geworden?<\/label><select id=\"wpforms-412-field_12\" class=\"wpforms-field-small\" name=\"wpforms[fields][12]\"><option value=\"\" class=\"placeholder\" disabled  selected='selected'> <\/option><option value=\"Soziale Medien (Instagram)\"  class=\"choice-1 depth-1\"  >Soziale Medien (Instagram)<\/option><option value=\"Print Medien (Flyer, Zeitung, etc.)\"  class=\"choice-2 depth-1\"  >Print Medien (Flyer, Zeitung, etc.)<\/option><option value=\"Familie\/Freunde\"  class=\"choice-3 depth-1\"  >Familie\/Freunde<\/option><option value=\"Stammg\u00e4ste\"  class=\"choice-4 depth-1\"  >Stammg\u00e4ste<\/option><option value=\"Sonstiges\"  class=\"choice-5 depth-1\"  >Sonstiges<\/option><\/select><\/div><div id=\"wpforms-412-field_10-container\" class=\"wpforms-field wpforms-field-textarea\" data-field-id=\"10\"><label class=\"wpforms-field-label\" for=\"wpforms-412-field_10\">Bemerkung<\/label><textarea id=\"wpforms-412-field_10\" class=\"wpforms-field-small\" name=\"wpforms[fields][10]\" ><\/textarea><div class=\"wpforms-field-description\">Wollen Sie uns noch etwas mitteilen? Gern!<\/div><\/div><div id=\"wpforms-412-field_11-container\" class=\"wpforms-field wpforms-field-checkbox\" data-field-id=\"11\"><label class=\"wpforms-field-label\">Datenschutzerkl\u00e4rung <span class=\"wpforms-required-label\">*<\/span><\/label><ul id=\"wpforms-412-field_11\" class=\"wpforms-field-required\"><li class=\"choice-1 depth-1\"><input type=\"checkbox\" id=\"wpforms-412-field_11_1\" name=\"wpforms[fields][11][]\" value=\"Ich willige ein, dass meine Angaben zur Kontaktaufnahme und Zuordnung f\u00fcr eventuelle R\u00fcckfragen dauerhaft gespeichert werden. Hinweis: Diese Einwilligung k\u00f6nnen Sie jederzeit mit Wirkung f\u00fcr die Zukunft widerrufen, indem Sie eine E-Mail an info@fkk-finsterbergen.de schicken.\" required ><label class=\"wpforms-field-label-inline\" for=\"wpforms-412-field_11_1\">Ich willige ein, dass meine Angaben zur Kontaktaufnahme und Zuordnung f\u00fcr eventuelle R\u00fcckfragen dauerhaft gespeichert werden. Hinweis: Diese Einwilligung k\u00f6nnen Sie jederzeit mit Wirkung f\u00fcr die Zukunft widerrufen, indem Sie eine E-Mail an info@fkk-finsterbergen.de schicken.<\/label><\/li><\/ul><\/div><div id=\"wpforms-412-field_13-container\" class=\"wpforms-field wpforms-field-layout\" data-field-id=\"13\"><\/div><\/div><!-- .wpforms-field-container --><div class=\"wpforms-field wpforms-field-hp\"><label for=\"wpforms-412-field-hp\" class=\"wpforms-field-label\">Website<\/label><input type=\"text\" name=\"wpforms[hp]\" id=\"wpforms-412-field-hp\" class=\"wpforms-field-medium\"><\/div><div class=\"wpforms-recaptcha-container wpforms-is-recaptcha wpforms-is-recaptcha-type-v2\" ><div class=\"g-recaptcha\" data-sitekey=\"6LcGquwrAAAAAFvantyRKZGGR_ukLF7uPtOxF5J_\"><\/div><input type=\"text\" name=\"g-recaptcha-hidden\" class=\"wpforms-recaptcha-hidden\" style=\"position:absolute!important;clip:rect(0,0,0,0)!important;height:1px!important;width:1px!important;border:0!important;overflow:hidden!important;padding:0!important;margin:0!important;\" data-rule-recaptcha=\"1\"><\/div><div class=\"wpforms-submit-container\" ><input type=\"hidden\" name=\"wpforms[id]\" value=\"412\"><input type=\"hidden\" name=\"page_title\" value=\"\"><input type=\"hidden\" name=\"page_url\" value=\"http:\/\/fkk-finsterbergen.de\/index.php?rest_route=\/wp\/v2\/pages\/380\"><input type=\"hidden\" name=\"url_referer\" value=\"\"><button type=\"submit\" name=\"wpforms[submit]\" id=\"wpforms-submit-412\" class=\"wpforms-submit\" data-alt-text=\"Sende...\" data-submit-text=\"jetzt bestellen\" aria-live=\"assertive\" value=\"wpforms-submit\">jetzt bestellen<\/button><\/div><\/form><\/div>  <!-- .wpforms-container --><\/span><\/p><h2><span style=\"color: #000000;\">Kartenvorverkauf<\/span><\/h2><p><span style=\"color: #000000;\">Der Kartenvorverkauf findet immer am Mittwoch vor der Veranstaltung von 18.30 Uhr bis 19.30 Uhr im Hotel und Gasthaus \u201eZur Linde\u201c, Rennsteigstr. 30,in Finsterbergen statt. Telefonische Kartenbestellungen sind von 18-20 Uhr unter 0162\/6676943 \u00a0m\u00f6glich. <\/span><\/p>\t\t\t\t\t<\/div>\n\t\t\t\t\t\t<\/div>\n\t\t\t\t<\/div>\n\t\t\t\t<div class=\"elementor-element elementor-element-e0d4bbc elementor-widget elementor-widget-google_maps\" data-id=\"e0d4bbc\" data-element_type=\"widget\" data-widget_type=\"google_maps.default\">\n\t\t\t\t<div class=\"elementor-widget-container\">\n\t\t\t\t\t<div class=\"elementor-custom-embed\">\n\t\t\t<iframe frameborder=\"0\" scrolling=\"no\" marginheight=\"0\" marginwidth=\"0\"\n\t\t\t\t\tsrc=\"https:\/\/maps.google.com\/maps?q=Gasthaus%20zur%20Linde%2C%20Finsterbergen&#038;t=m&#038;z=11&#038;output=embed&#038;iwloc=near\"\n\t\t\t\t\ttitle=\"Gasthaus zur Linde, Finsterbergen\"\n\t\t\t\t\taria-label=\"Gasthaus zur Linde, Finsterbergen\"\n\t\t\t><\/iframe>\n\t\t<\/div>\n\t\t\t\t<\/div>\n\t\t\t\t<\/div>\n\t\t\t\t<div class=\"elementor-element elementor-element-fec66bc elementor-widget elementor-widget-text-editor\" data-id=\"fec66bc\" data-element_type=\"widget\" data-widget_type=\"text-editor.default\">\n\t\t\t\t<div class=\"elementor-widget-container\">\n\t\t\t\t\t\t\t\t<div class=\"elementor-text-editor elementor-clearfix\">\n\t\t\t\t<h2><span style=\"color: #000000;\">Eintrittspreise<\/span><\/h2><p><span style=\"color: #000000;\">Faschingser\u00f6ffnung: 15,- \u20ac \u00a0B\u00fcttenabende: 22,- \u20ac (+2 \u20ac Abendkasse) Rosenmontag: 15,- \u20ac<\/span><\/p>\t\t\t\t\t<\/div>\n\t\t\t\t\t\t<\/div>\n\t\t\t\t<\/div>\n\t\t\t\t\t\t<\/div>\n\t\t\t\t\t<\/div>\n\t\t<\/div>\n\t\t\t\t\t\t\t\t<\/div>\n\t\t\t\t\t<\/div>\n\t\t<\/section>\n\t\t\t\t\t\t\t\t\t<\/div>\n\t\t\t<\/div>\n\t\t\t\t\t<\/div>\n\t\t","protected":false},"excerpt":{"rendered":"<div class=\"slide-text-bg2\"><span>Unsere Termine der 52. Saison \u00a0 2025 Rathaussturm, Samstag 15.11.2025 &#8212; 11:11 Uhr Faschingser\u00f6ffnung, Samstag 15.11.2025 &#8212; 20:00 Uhr ________<\/span><\/div>\n<div class=\"slide-btn-area-sm\"><a href=\"http:\/\/fkk-finsterbergen.de\/?page_id=380\" class=\"slide-btn-sm\">weiterlesen<\/a><\/div>\n","protected":false},"author":1,"featured_media":0,"parent":0,"menu_order":0,"comment_status":"closed","ping_status":"closed","template":"","meta":{"footnotes":""},"class_list":["post-380","page","type-page","status-publish","hentry"],"_links":{"self":[{"href":"http:\/\/fkk-finsterbergen.de\/index.php?rest_route=\/wp\/v2\/pages\/380","targetHints":{"allow":["GET"]}}],"collection":[{"href":"http:\/\/fkk-finsterbergen.de\/index.php?rest_route=\/wp\/v2\/pages"}],"about":[{"href":"http:\/\/fkk-finsterbergen.de\/index.php?rest_route=\/wp\/v2\/types\/page"}],"author":[{"embeddable":true,"href":"http:\/\/fkk-finsterbergen.de\/index.php?rest_route=\/wp\/v2\/users\/1"}],"replies":[{"embeddable":true,"href":"http:\/\/fkk-finsterbergen.de\/index.php?rest_route=%2Fwp%2Fv2%2Fcomments&post=380"}],"version-history":[{"count":142,"href":"http:\/\/fkk-finsterbergen.de\/index.php?rest_route=\/wp\/v2\/pages\/380\/revisions"}],"predecessor-version":[{"id":1010,"href":"http:\/\/fkk-finsterbergen.de\/index.php?rest_route=\/wp\/v2\/pages\/380\/revisions\/1010"}],"wp:attachment":[{"href":"http:\/\/fkk-finsterbergen.de\/index.php?rest_route=%2Fwp%2Fv2%2Fmedia&parent=380"}],"curies":[{"name":"wp","href":"https:\/\/api.w.org\/{rel}","templated":true}]}}